{"id":3642,"date":"2021-11-05T09:43:05","date_gmt":"2021-11-05T08:43:05","guid":{"rendered":"https:\/\/www.fontan.se\/wp\/?page_id=3642"},"modified":"2026-01-08T10:09:11","modified_gmt":"2026-01-08T09:09:11","slug":"3642-2","status":"publish","type":"page","link":"https:\/\/www.fontan.se\/wp\/3642-2\/","title":{"rendered":"Sveriges Font\u00e4nhus"},"content":{"rendered":"<p>[et_pb_section fb_built=&#8221;1&#8243; _builder_version=&#8221;4.16&#8243; _module_preset=&#8221;default&#8221; global_colors_info=&#8221;{}&#8221;][et_pb_row _builder_version=&#8221;4.16&#8243; _module_preset=&#8221;default&#8221; global_colors_info=&#8221;{}&#8221;][et_pb_column type=&#8221;4_4&#8243; _builder_version=&#8221;4.16&#8243; _module_preset=&#8221;default&#8221; global_colors_info=&#8221;{}&#8221;][et_pb_image src=&#8221;https:\/\/www.fontan.se\/wp\/wp-content\/uploads\/2016\/03\/logo.png&#8221; title_text=&#8221;logo&#8221; align=&#8221;center&#8221; _builder_version=&#8221;4.16&#8243; _module_preset=&#8221;default&#8221; global_colors_info=&#8221;{}&#8221;][\/et_pb_image][\/et_pb_column][\/et_pb_row][et_pb_row column_structure=&#8221;1_2,1_2&#8243; _builder_version=&#8221;4.16&#8243; _module_preset=&#8221;default&#8221; global_colors_info=&#8221;{}&#8221;][et_pb_column type=&#8221;1_2&#8243; _builder_version=&#8221;4.16&#8243; _module_preset=&#8221;default&#8221; global_colors_info=&#8221;{}&#8221;][et_pb_text _builder_version=&#8221;4.27.4&#8243; _module_preset=&#8221;default&#8221; global_colors_info=&#8221;{}&#8221;]<\/p>\n<h4><strong>Vi skapar mening och bryter isolering<\/strong><\/h4>\n<p>Sveriges Font\u00e4nhus Riksf\u00f6rbund \u00e4r en del av en v\u00e4rldsomfattande organisation med representation i \u00f6ver 30 l\u00e4nder. I dag finns det omkring 300 font\u00e4nhus som st\u00f6djer m\u00e4nniskor som lever med psykisk oh\u00e4lsa p\u00e5 v\u00e4gen till \u00e5terh\u00e4mtning. Sveriges Font\u00e4nhus Riksf\u00f6rbund arbetar f\u00f6r att skapa en gemensam plattform f\u00f6r Sveriges 18 befintliga font\u00e4nhus och att starta nya.<br \/>Mer information hittar du p\u00e5 deras hemsida <a href=\"http:\/\/www.sverigesfontanhus.se\/\" target=\"_blank\" rel=\"noopener\">Sveriges Font\u00e4nhus<\/a><\/p>\n<p>[\/et_pb_text][\/et_pb_column][et_pb_column type=&#8221;1_2&#8243; _builder_version=&#8221;4.16&#8243; _module_preset=&#8221;default&#8221; global_colors_info=&#8221;{}&#8221;][et_pb_text _builder_version=&#8221;4.27.4&#8243; _module_preset=&#8221;default&#8221; custom_padding=&#8221;||0px|||&#8221; hover_enabled=&#8221;0&#8243; global_colors_info=&#8221;{}&#8221; sticky_enabled=&#8221;0&#8243;]<strong>Klubbhusen i Sverige:<br \/>\n<\/strong><\/p>\n<p style=\"text-align: justify;\"><strong>Sandviken:<\/strong>\u00a0<a href=\"https:\/\/fontanhusetsandviken.se\/\" target=\"_blank\" rel=\"noopener\">Font\u00e4nhuset Sandviken<\/a><br \/>\n<strong>B\u00e5stad:<\/strong>\u00a0<a href=\"http:\/\/bastadsfontanen.se\/\" target=\"_blank\" rel=\"noopener\">Font\u00e4nhuset B\u00e5stad<\/a><br \/>\n<strong>Falkenberg:<\/strong> <a href=\"https:\/\/www.falkenbergsfontanhus.se\/\" target=\"_blank\" rel=\"noopener\">Falkenbergs font\u00e4nhus<\/a><br \/>\n<strong>G\u00f6teborg<\/strong>:\u00a0<a href=\"http:\/\/www.goteborgsfontanen.se\/\" target=\"_blank\" rel=\"noopener\">G\u00f6teborgsfont\u00e4nen<\/a><br \/>\n<strong>Helsingborg:<\/strong>\u00a0<a href=\"http:\/\/fontanhushbg.se\/\" target=\"_blank\" rel=\"noopener\">Helsingborgs Font\u00e4nhus<\/a><br \/>\n<strong>Malm\u00f6:<\/strong><a href=\"https:\/\/www.fontanhuset.se\/\" target=\"_blank\" rel=\"noopener\">\u00a0Font\u00e4nhuset Malm\u00f6<\/a><a href=\"http:\/\/www.fontanhuset.se\/\"><br \/>\n<\/a><strong>\u00d6rebro:<\/strong> <a href=\"http:\/\/www.orebrofontanhus.se\/\" target=\"_blank\" rel=\"noopener\">Font\u00e4nhuset \u00d6rebro<\/a><br \/>\n<strong>Stockholm:\u00a0<\/strong><a href=\"http:\/\/www.fountainhouse.se\/\" target=\"_blank\" rel=\"noopener\">Fountain House<\/a><br \/>\n<strong>\u00c4lmhult:<\/strong><a href=\"https:\/\/fontanhushbg.se\/\" target=\"_blank\" rel=\"noopener\">\u00a0<\/a><a href=\"https:\/\/fontanhusettrappan.wordpress.com\/\" target=\"_blank\" rel=\"noopener\">Font\u00e4nhuset Trappan<\/a><a href=\"https:\/\/fontanhusettrappan.wordpress.com\/\"><br \/>\n<\/a><strong>Lund:\u00a0<\/strong><a href=\"http:\/\/lundsfontanhus.se\/index.php\" target=\"_blank\" rel=\"noopener\">Lunds Font\u00e4nhus<\/a><br \/>\n<strong>Motala:<\/strong>\u00a0<a href=\"http:\/\/motalafontanhus.se\/\" target=\"_blank\" rel=\"noopener\">Motala Font\u00e4nhus<\/a><br \/>\n<strong>Sk\u00f6ndal:\u00a0<\/strong><a href=\"http:\/\/www.fhskondal.se\/\" target=\"_blank\" rel=\"noopener\">Font\u00e4nhuset Sk\u00f6ndal<\/a><br \/>\n<strong>Falun:<\/strong>\u00a0<a href=\"https:\/\/fontanhusetfalun.se\/\/\" target=\"_blank\" rel=\"noopener\">Font\u00e4nhuset Falun<\/a><br \/>\n<strong>Varberg:<\/strong>\u00a0<a href=\"https:\/\/www.fontanhusetvarberg.se\/\/\" target=\"_blank\" rel=\"noopener\">Font\u00e4nhuset Varberg<\/a><br \/>\n<strong>Nyk\u00f6ping:<\/strong>\u00a0<a href=\"https:\/\/www.fontan.se\/wp\/\" target=\"_blank\" rel=\"noopener\">Font\u00e4nhuset Nyk\u00f6ping<\/a><br \/>\n<strong>J\u00f6nk\u00f6ping:<\/strong>\u00a0<a href=\"https:\/\/fontanhusjonkoping.se\" target=\"_blank\" rel=\"noopener\">Font\u00e4nhuset J\u00f6nk\u00f6ping<\/a><br \/>\n<strong>J\u00e4mtland H\u00e4rjedalen:<\/strong>\u00a0<a href=\"https:\/\/fontanhusjh.se\/\" target=\"_blank\" rel=\"noopener\">Font\u00e4nhuset J\u00e4mtland H\u00e4rjedalen<\/a><br \/>\n<strong>Sundsvall: <\/strong><a href=\"https:\/\/www.sundsvallsfontanhus.se\" target=\"_blank\" rel=\"noopener\">Font\u00e4nhuset Sundsvall<\/a><\/p>\n<p>[\/et_pb_text][\/et_pb_column][\/et_pb_row][\/et_pb_section]<\/p>\n","protected":false},"excerpt":{"rendered":"<p>Vi skapar mening och bryter isolering Sveriges Font\u00e4nhus Riksf\u00f6rbund \u00e4r en del av en v\u00e4rldsomfattande organisation med representation i \u00f6ver 30 l\u00e4nder. I dag finns det omkring 300 font\u00e4nhus som st\u00f6djer m\u00e4nniskor som lever med psykisk oh\u00e4lsa p\u00e5 v\u00e4gen till \u00e5terh\u00e4mtning. Sveriges Font\u00e4nhus Riksf\u00f6rbund arbetar f\u00f6r att skapa en gemensam plattform f\u00f6r Sveriges 18 befintliga [&hellip;]<\/p>\n","protected":false},"author":4,"featured_media":0,"parent":0,"menu_order":0,"comment_status":"closed","ping_status":"closed","template":"","meta":{"_et_pb_use_builder":"on","_et_pb_old_content":"","_et_gb_content_width":"","footnotes":""},"class_list":["post-3642","page","type-page","status-publish","hentry"],"_links":{"self":[{"href":"https:\/\/www.fontan.se\/wp\/wp-json\/wp\/v2\/pages\/3642","targetHints":{"allow":["GET"]}}],"collection":[{"href":"https:\/\/www.fontan.se\/wp\/wp-json\/wp\/v2\/pages"}],"about":[{"href":"https:\/\/www.fontan.se\/wp\/wp-json\/wp\/v2\/types\/page"}],"author":[{"embeddable":true,"href":"https:\/\/www.fontan.se\/wp\/wp-json\/wp\/v2\/users\/4"}],"replies":[{"embeddable":true,"href":"https:\/\/www.fontan.se\/wp\/wp-json\/wp\/v2\/comments?post=3642"}],"version-history":[{"count":28,"href":"https:\/\/www.fontan.se\/wp\/wp-json\/wp\/v2\/pages\/3642\/revisions"}],"predecessor-version":[{"id":6229,"href":"https:\/\/www.fontan.se\/wp\/wp-json\/wp\/v2\/pages\/3642\/revisions\/6229"}],"wp:attachment":[{"href":"https:\/\/www.fontan.se\/wp\/wp-json\/wp\/v2\/media?parent=3642"}],"curies":[{"name":"wp","href":"https:\/\/api.w.org\/{rel}","templated":true}]}}